{"id":1147,"date":"2022-11-12T15:06:13","date_gmt":"2022-11-12T15:06:13","guid":{"rendered":"https:\/\/marketplace.verzatti.com\/produit\/love-nature-masque-hydratant-pour-le-visage-love-nature-a-la-grenadine-recycle\/"},"modified":"2022-11-13T15:40:18","modified_gmt":"2022-11-13T15:40:18","slug":"love-nature-masque-hydratant-pour-le-visage-love-nature-a-la-grenadine-recycle","status":"publish","type":"product","link":"https:\/\/marketplace.verzatti.com\/?product=love-nature-masque-hydratant-pour-le-visage-love-nature-a-la-grenadine-recycle","title":{"rendered":"Love Nature Masque Hydratant pour le Visage \u00e0 la Grenadine Recycl\u00e9 30 ml."},"content":{"rendered":"<div class=\"product-detail-1wsqm75\">\n<div class=\"product-detail-xzuik6\">\n<div class=\"product-detail-10m7ros\">\n<div class=\"product-detail-1kbo5i1\">\n<div class=\"product-detail-1iwszu2\">\n<div class=\"product-detail-1vdxrt3\">\n<div class=\"outlinedIcon product-detail-pn2ypc\"><\/div>\n<\/div>\n<\/div>\n<\/div>\n<\/div>\n<\/div>\n<\/div>\n<div class=\"product-detail-1mcp08s\" data-testid=\"Presentation-product-detail-main\">\n<div class=\"product-detail-yvmpw2\">\n<div class=\"product-detail-1o9sh8k\">\n<div class=\"product-detail-11f3fck\">\n<div class=\"product-detail-odio9d\">\n<p><strong>Love Nature<\/strong> r\u00e9pond \u00e0 tous les besoins de la peau, gr\u00e2ce \u00e0 des extraits<br \/>\nnaturels et des ingr\u00e9dients populaires, ainsi qu&rsquo;\u00e0 des produits sans<br \/>\nParaben d\u00e9bordant d&rsquo;avantages affectueux pour la peau, de parfums<br \/>\nagr\u00e9ables et de textures irr\u00e9sistibles. Ils sont \u00e9galement b\u00e9n\u00e9fiques<br \/>\npour la plan\u00e8te car tous les produits nettoyants sont sans silicone,<br \/>\nbiod\u00e9gradables et utilisent uniquement des particules exfoliantes<br \/>\nd\u2019origine naturelle. Et toutes les bouteilles sont produites \u00e0 40% \u00e0<br \/>\npartir de plastique recycl\u00e9 !<\/p>\n<p>AQUA, GLYCERIN, XANTHAN GUM, CHONDRUS CRISPUS EXTRACT, OLETH-20, CALCIUM<\/p>\n<\/div>\n<\/div>\n<\/div>\n<div>\n<div class=\"product-detail-odio9d\">CHLORIDE, 1,2-HEXANEDIOL, CAPRYLYL GLYCOL, PUNICA GRANATUM SEED OIL,<br \/>\nPHENOXYETHANOL, PARFUM, DISODIUM EDTA, CI 14700, CI 17200, CI 19140<\/div>\n<div><\/div>\n<\/div>\n<\/div>\n<\/div>\n","protected":false},"excerpt":{"rendered":"<p><strong>Masque Hydratant \u00e0 la Grenadine Recycl\u00e9<\/strong><\/p>\n","protected":false},"featured_media":1165,"comment_status":"open","ping_status":"closed","template":"","meta":{"_monsterinsights_skip_tracking":false,"_monsterinsights_sitenote_active":false,"_monsterinsights_sitenote_note":"","_monsterinsights_sitenote_category":0,"jetpack_publicize_message":"","jetpack_publicize_feature_enabled":true,"jetpack_social_post_already_shared":true,"jetpack_social_options":{"image_generator_settings":{"template":"highway","default_image_id":0,"font":"","enabled":false},"version":2}},"product_brand":[],"product_cat":[72,73],"product_tag":[94,96,93,95],"class_list":{"0":"post-1147","1":"product","2":"type-product","3":"status-publish","4":"has-post-thumbnail","6":"product_cat-corps","7":"product_cat-visage","8":"product_tag-hydratant","9":"product_tag-love-nature","10":"product_tag-masque","11":"product_tag-visage","12":"thunk-woo-product-list","13":"opn-qv-enable","14":"big-store-woo-hover-zoom","15":"open-single-product-tab-horizontal","16":"open-shadow-","17":"open-shadow-hover-","19":"first","20":"instock","21":"shipping-taxable","22":"purchasable","23":"product-type-simple"},"aioseo_notices":[],"jetpack_publicize_connections":[],"jetpack_sharing_enabled":true,"_links":{"self":[{"href":"https:\/\/marketplace.verzatti.com\/index.php?rest_route=\/wp\/v2\/product\/1147","targetHints":{"allow":["GET"]}}],"collection":[{"href":"https:\/\/marketplace.verzatti.com\/index.php?rest_route=\/wp\/v2\/product"}],"about":[{"href":"https:\/\/marketplace.verzatti.com\/index.php?rest_route=\/wp\/v2\/types\/product"}],"replies":[{"embeddable":true,"href":"https:\/\/marketplace.verzatti.com\/index.php?rest_route=%2Fwp%2Fv2%2Fcomments&post=1147"}],"wp:featuredmedia":[{"embeddable":true,"href":"https:\/\/marketplace.verzatti.com\/index.php?rest_route=\/wp\/v2\/media\/1165"}],"wp:attachment":[{"href":"https:\/\/marketplace.verzatti.com\/index.php?rest_route=%2Fwp%2Fv2%2Fmedia&parent=1147"}],"wp:term":[{"taxonomy":"product_brand","embeddable":true,"href":"https:\/\/marketplace.verzatti.com\/index.php?rest_route=%2Fwp%2Fv2%2Fproduct_brand&post=1147"},{"taxonomy":"product_cat","embeddable":true,"href":"https:\/\/marketplace.verzatti.com\/index.php?rest_route=%2Fwp%2Fv2%2Fproduct_cat&post=1147"},{"taxonomy":"product_tag","embeddable":true,"href":"https:\/\/marketplace.verzatti.com\/index.php?rest_route=%2Fwp%2Fv2%2Fproduct_tag&post=1147"}],"curies":[{"name":"wp","href":"https:\/\/api.w.org\/{rel}","templated":true}]}}