{"id":732,"date":"2022-06-28T23:13:27","date_gmt":"2022-06-28T23:13:27","guid":{"rendered":"http:\/\/marketplace.verzatti.com\/produit\/klorane-beurre-de-mangue-baume-apres-shampooing-nutritif-et-demelant-150ml\/"},"modified":"2022-11-25T16:28:40","modified_gmt":"2022-11-25T16:28:40","slug":"klorane-beurre-de-mangue-baume-apres-shampooing-nutritif-et-demelant-150ml","status":"publish","type":"product","link":"https:\/\/marketplace.verzatti.com\/?product=klorane-beurre-de-mangue-baume-apres-shampooing-nutritif-et-demelant-150ml","title":{"rendered":"KLORANE BEURRE DE MANGUE BAUME APRES-SHAMPOOING NUTRITIF ET DEMELANT 150ML"},"content":{"rendered":"<p><span style=\"font-size: 10pt;\">EFFICACIT\u00c9 :<\/span><\/p>\n<p><span style=\"font-size: 10pt;\">Cheveux doux &#8211; 100% de satisfaction*, Plus faciles \u00e0 d\u00e9m\u00ealer &#8211; 90% de satisfaction*<\/span><\/p>\n<p><span style=\"font-size: 10pt;\">*Test de satisfaction &#8211; 31 personnes &#8211; apr\u00e8s 1\u00e8re utilisation. Test\u00e9 sous contr\u00f4le dermatologique.<\/span><\/p>\n","protected":false},"excerpt":{"rendered":"<p><span style=\"font-size: 10pt;\">Le soin apr\u00e8s-shampooing coup de c\u0153ur pour une chevelure nourrie, souple et parfaitement d\u00e9m\u00eal\u00e9e tout en l\u00e9g\u00e8ret\u00e9.<\/span><\/p>\n<p><span style=\"font-size: 10pt;\">\u00a0<\/span><\/p>\n","protected":false},"featured_media":731,"comment_status":"open","ping_status":"closed","template":"","meta":{"_monsterinsights_skip_tracking":false,"_monsterinsights_sitenote_active":false,"_monsterinsights_sitenote_note":"","_monsterinsights_sitenote_category":0,"jetpack_publicize_message":"","jetpack_publicize_feature_enabled":true,"jetpack_social_post_already_shared":false,"jetpack_social_options":{"image_generator_settings":{"template":"highway","default_image_id":0,"font":"","enabled":false},"version":2}},"product_brand":[],"product_cat":[74],"product_tag":[],"class_list":{"0":"post-732","1":"product","2":"type-product","3":"status-publish","4":"has-post-thumbnail","6":"product_cat-cheveux","7":"thunk-woo-product-list","8":"opn-qv-enable","9":"big-store-woo-hover-zoom","10":"open-single-product-tab-horizontal","11":"open-shadow-","12":"open-shadow-hover-","14":"first","15":"instock","16":"shipping-taxable","17":"purchasable","18":"product-type-simple"},"aioseo_notices":[],"jetpack_publicize_connections":[],"jetpack_sharing_enabled":true,"_links":{"self":[{"href":"https:\/\/marketplace.verzatti.com\/index.php?rest_route=\/wp\/v2\/product\/732","targetHints":{"allow":["GET"]}}],"collection":[{"href":"https:\/\/marketplace.verzatti.com\/index.php?rest_route=\/wp\/v2\/product"}],"about":[{"href":"https:\/\/marketplace.verzatti.com\/index.php?rest_route=\/wp\/v2\/types\/product"}],"replies":[{"embeddable":true,"href":"https:\/\/marketplace.verzatti.com\/index.php?rest_route=%2Fwp%2Fv2%2Fcomments&post=732"}],"wp:featuredmedia":[{"embeddable":true,"href":"https:\/\/marketplace.verzatti.com\/index.php?rest_route=\/wp\/v2\/media\/731"}],"wp:attachment":[{"href":"https:\/\/marketplace.verzatti.com\/index.php?rest_route=%2Fwp%2Fv2%2Fmedia&parent=732"}],"wp:term":[{"taxonomy":"product_brand","embeddable":true,"href":"https:\/\/marketplace.verzatti.com\/index.php?rest_route=%2Fwp%2Fv2%2Fproduct_brand&post=732"},{"taxonomy":"product_cat","embeddable":true,"href":"https:\/\/marketplace.verzatti.com\/index.php?rest_route=%2Fwp%2Fv2%2Fproduct_cat&post=732"},{"taxonomy":"product_tag","embeddable":true,"href":"https:\/\/marketplace.verzatti.com\/index.php?rest_route=%2Fwp%2Fv2%2Fproduct_tag&post=732"}],"curies":[{"name":"wp","href":"https:\/\/api.w.org\/{rel}","templated":true}]}}